{"id":596,"date":"2025-01-28T18:02:36","date_gmt":"2025-01-28T16:02:36","guid":{"rendered":"https:\/\/seetech.sivustamo.dev\/rahoitus\/"},"modified":"2025-03-04T15:38:58","modified_gmt":"2025-03-04T13:38:58","slug":"rahoitus","status":"publish","type":"page","link":"https:\/\/see-tech.fi\/fi\/rahoitus\/","title":{"rendered":"Rahoitus"},"content":{"rendered":"\t\t<div data-elementor-type=\"wp-page\" data-elementor-id=\"596\" class=\"elementor elementor-596 elementor-471\" data-elementor-post-type=\"page\">\n\t\t\t\t<div class=\"elementor-element elementor-element-0a7bd3f e-con-full e-flex e-con e-parent\" data-id=\"0a7bd3f\" data-element_type=\"container\" data-e-type=\"container\" data-settings=\"{&quot;jet_parallax_layout_list&quot;:[]}\">\n\t\t\t\t<div class=\"elementor-element elementor-element-b5ec772 elementor-widget elementor-widget-shortcode\" data-id=\"b5ec772\" data-element_type=\"widget\" data-e-type=\"widget\" data-widget_type=\"shortcode.default\">\n\t\t\t\t<div class=\"elementor-widget-container\">\n\t\t\t\t\t\t\t<div class=\"elementor-shortcode\">\t\t<div data-elementor-type=\"container\" data-elementor-id=\"363\" class=\"elementor elementor-363\" data-elementor-post-type=\"elementor_library\">\n\t\t\t\t<div class=\"elementor-element elementor-element-a7c23c8 e-con-full e-flex e-con e-child\" data-id=\"a7c23c8\" data-element_type=\"container\" data-e-type=\"container\" data-settings=\"{&quot;background_background&quot;:&quot;classic&quot;,&quot;jet_parallax_layout_list&quot;:[]}\">\n\t\t<div class=\"elementor-element elementor-element-88e9b99 e-con-full e-flex e-con e-child\" data-id=\"88e9b99\" data-element_type=\"container\" data-e-type=\"container\" data-settings=\"{&quot;jet_parallax_layout_list&quot;:[]}\">\n\t\t<div class=\"elementor-element elementor-element-5b8470e e-con-full e-flex e-con e-child\" data-id=\"5b8470e\" data-element_type=\"container\" data-e-type=\"container\" data-settings=\"{&quot;jet_parallax_layout_list&quot;:[]}\">\n\t\t\t\t<\/div>\n\t\t\t\t<\/div>\n\t\t\t\t<\/div>\n\t\t\t\t<\/div>\n\t\t<\/div>\n\t\t\t\t\t\t<\/div>\n\t\t\t\t<\/div>\n\t\t\t\t<\/div>\n\t\t<div class=\"elementor-element elementor-element-fdb2275 osiomargin e-flex e-con-boxed e-con e-parent\" data-id=\"fdb2275\" data-element_type=\"container\" data-e-type=\"container\" data-settings=\"{&quot;jet_parallax_layout_list&quot;:[]}\">\n\t\t\t\t\t<div class=\"e-con-inner\">\n\t\t\t\t<div class=\"elementor-element elementor-element-33732f4 elementor-widget elementor-widget-text-editor\" data-id=\"33732f4\" data-element_type=\"widget\" data-e-type=\"widget\" data-widget_type=\"text-editor.default\">\n\t\t\t\t<div class=\"elementor-widget-container\">\n\t\t\t\t\t\t\t\t\t<p>Hankketta rahoittaa <a href=\"https:\/\/www.aka.fi\/suomen-akatemian-toiminta\/mita-teemme\/mika-on-suomen-akatemia\/\" target=\"_blank\" rel=\"noopener\">Suomen Akatemia<\/a>, joka on &#8221;opetus- ja kulttuuriministeri\u00f6n hallinnonalaan kuuluva valtion virasto.&#8221; Lis\u00e4ksi hanke rakentuu pienemm\u00e4n tutkimushankkeen <a href=\"https:\/\/www.helsinki.fi\/fi\/verkostot\/global-political-economy\/projektit\/digitaalisen-alustatalouden-suuryritykset-ja-eu\" target=\"_blank\" rel=\"noopener\">Digitaalisen alustalouden suuryritykset ja EU<\/a> (2023\u20132025) luomalle perustalle. T\u00e4t\u00e4 hanketta rahoitti <em>Helsingin Sanomain s\u00e4\u00e4ti\u00f6<\/em>, jonka <a href=\"https:\/\/www.hssaatio.fi\/wp-content\/uploads\/2025\/02\/Saannot-9.12.2024.pdf\" target=\"_blank\" rel=\"noopener\">tavoitteena<\/a> on \u201dedist\u00e4\u00e4 ja tukea korkeatasoista tieteellist\u00e4 tutkimusty\u00f6t\u00e4, erityisesti pit\u00e4en silm\u00e4ll\u00e4 suomalaisen tutkimusty\u00f6n laaja-alaisuuden, itsen\u00e4isyyden ja jatkuvuuden turvaamista\u201d ja joka saa <a href=\"https:\/\/www.hssaatio.fi\/vuosikertomus-2022\/\" target=\"_blank\" rel=\"noopener\">tulonsa<\/a> sijoitusp\u00e4\u00e4omansa tuotoista. T\u00e4m\u00e4 sijoitusp\u00e4\u00e4oma on alun perin kertynyt vuosikymmeni\u00e4 sitten Suomen suurimman mediakonsernin Sanoma Osakeyhti\u00f6n voitoista. Se on Suomen suurimman sanomalehden, <em>Helsingin Sanomien<\/em>, kustantaja.<\/p>\t\t\t\t\t\t\t\t<\/div>\n\t\t\t\t<\/div>\n\t\t\t\t\t<\/div>\n\t\t\t\t<\/div>\n\t\t<div class=\"elementor-element elementor-element-5597542 e-flex e-con-boxed e-con e-parent\" data-id=\"5597542\" data-element_type=\"container\" data-e-type=\"container\" data-settings=\"{&quot;jet_parallax_layout_list&quot;:[]}\">\n\t\t\t\t\t<div class=\"e-con-inner\">\n\t\t\t\t<div class=\"elementor-element elementor-element-c955627 elementor-widget-laptop__width-initial elementor-widget elementor-widget-jet-brands\" data-id=\"c955627\" data-element_type=\"widget\" data-e-type=\"widget\" data-widget_type=\"jet-brands.default\">\n\t\t\t\t<div class=\"elementor-widget-container\">\n\t\t\t\t\t<div class=\"elementor-jet-brands jet-elements\"><div class=\"brands-wrap\">\n\t<div class=\"brands-list col-row\"><div class=\"brands-list__item\"><a class=\"brands-list__item-link\" href=\"\"><div class=\"brands-list__item-img-wrap\"><img decoding=\"async\" src=\"https:\/\/see-tech.fi\/wp-content\/uploads\/2025\/03\/AKA_EN_vaaka_valkoinen_RGB.png\" alt=\"AKA_EN_vaaka_valkoinen_RGB\" class=\"brands-list__item-img\" loading=\"lazy\"><\/div><\/a><\/div><div class=\"brands-list__item\"><a class=\"brands-list__item-link\" href=\"\"><div class=\"brands-list__item-img-wrap\"><img decoding=\"async\" src=\"https:\/\/see-tech.fi\/wp-content\/uploads\/2025\/03\/hss-logo-white2x.png\" alt=\"hss-logo-white2x\" class=\"brands-list__item-img\" loading=\"lazy\"><\/div><\/a><\/div><\/div><\/div><\/div>\t\t\t\t<\/div>\n\t\t\t\t<\/div>\n\t\t\t\t\t<\/div>\n\t\t\t\t<\/div>\n\t\t\t\t<\/div>\n\t\t","protected":false},"excerpt":{"rendered":"<p>Hankketta rahoittaa Suomen Akatemia, joka on &#8221;opetus- ja kulttuuriministeri\u00f6n hallinnonalaan kuuluva valtion virasto.&#8221; Lis\u00e4ksi hanke rakentuu pienemm\u00e4n tutkimushankkeen Digitaalisen alustalouden suuryritykset ja EU (2023\u20132025) luomalle perustalle. T\u00e4t\u00e4 hanketta rahoitti Helsingin Sanomain s\u00e4\u00e4ti\u00f6, jonka tavoitteena on \u201dedist\u00e4\u00e4 ja tukea korkeatasoista tieteellist\u00e4 tutkimusty\u00f6t\u00e4, erityisesti pit\u00e4en silm\u00e4ll\u00e4 suomalaisen tutkimusty\u00f6n laaja-alaisuuden, itsen\u00e4isyyden ja jatkuvuuden turvaamista\u201d ja joka saa tulonsa [&hellip;]<\/p>\n","protected":false},"author":1,"featured_media":0,"parent":0,"menu_order":0,"comment_status":"closed","ping_status":"closed","template":"elementor_header_footer","meta":{"footnotes":""},"class_list":["post-596","page","type-page","status-publish","hentry"],"yoast_head":"<!-- This site is optimized with the Yoast SEO plugin v27.3 - https:\/\/yoast.com\/product\/yoast-seo-wordpress\/ -->\n<title>Rahoitus | SEE-TECH<\/title>\n<meta name=\"robots\" content=\"index, follow, max-snippet:-1, max-image-preview:large, max-video-preview:-1\" \/>\n<link rel=\"canonical\" href=\"https:\/\/see-tech.fi\/fi\/rahoitus\/\" \/>\n<meta property=\"og:locale\" content=\"fi_FI\" \/>\n<meta property=\"og:type\" content=\"article\" \/>\n<meta property=\"og:title\" content=\"Rahoitus | SEE-TECH\" \/>\n<meta property=\"og:description\" content=\"Hankketta rahoittaa Suomen Akatemia, joka on &#8221;opetus- ja kulttuuriministeri\u00f6n hallinnonalaan kuuluva valtion virasto.&#8221; Lis\u00e4ksi hanke rakentuu pienemm\u00e4n tutkimushankkeen Digitaalisen alustalouden suuryritykset ja EU (2023\u20132025) luomalle perustalle. T\u00e4t\u00e4 hanketta rahoitti Helsingin Sanomain s\u00e4\u00e4ti\u00f6, jonka tavoitteena on \u201dedist\u00e4\u00e4 ja tukea korkeatasoista tieteellist\u00e4 tutkimusty\u00f6t\u00e4, erityisesti pit\u00e4en silm\u00e4ll\u00e4 suomalaisen tutkimusty\u00f6n laaja-alaisuuden, itsen\u00e4isyyden ja jatkuvuuden turvaamista\u201d ja joka saa tulonsa [&hellip;]\" \/>\n<meta property=\"og:url\" content=\"https:\/\/see-tech.fi\/fi\/rahoitus\/\" \/>\n<meta property=\"og:site_name\" content=\"SEE-TECH\" \/>\n<meta property=\"article:modified_time\" content=\"2025-03-04T13:38:58+00:00\" \/>\n<meta property=\"og:image\" content=\"https:\/\/see-tech.fi\/wp-content\/uploads\/2025\/03\/AKA_EN_vaaka_valkoinen_RGB.png\" \/>\n<meta name=\"twitter:card\" content=\"summary_large_image\" \/>\n<script type=\"application\/ld+json\" class=\"yoast-schema-graph\">{\"@context\":\"https:\\\/\\\/schema.org\",\"@graph\":[{\"@type\":\"WebPage\",\"@id\":\"https:\\\/\\\/see-tech.fi\\\/fi\\\/rahoitus\\\/\",\"url\":\"https:\\\/\\\/see-tech.fi\\\/fi\\\/rahoitus\\\/\",\"name\":\"Rahoitus | SEE-TECH\",\"isPartOf\":{\"@id\":\"https:\\\/\\\/see-tech.fi\\\/fi\\\/#website\"},\"primaryImageOfPage\":{\"@id\":\"https:\\\/\\\/see-tech.fi\\\/fi\\\/rahoitus\\\/#primaryimage\"},\"image\":{\"@id\":\"https:\\\/\\\/see-tech.fi\\\/fi\\\/rahoitus\\\/#primaryimage\"},\"thumbnailUrl\":\"https:\\\/\\\/see-tech.fi\\\/wp-content\\\/uploads\\\/2025\\\/03\\\/AKA_EN_vaaka_valkoinen_RGB.png\",\"datePublished\":\"2025-01-28T16:02:36+00:00\",\"dateModified\":\"2025-03-04T13:38:58+00:00\",\"breadcrumb\":{\"@id\":\"https:\\\/\\\/see-tech.fi\\\/fi\\\/rahoitus\\\/#breadcrumb\"},\"inLanguage\":\"fi\",\"potentialAction\":[{\"@type\":\"ReadAction\",\"target\":[\"https:\\\/\\\/see-tech.fi\\\/fi\\\/rahoitus\\\/\"]}]},{\"@type\":\"ImageObject\",\"inLanguage\":\"fi\",\"@id\":\"https:\\\/\\\/see-tech.fi\\\/fi\\\/rahoitus\\\/#primaryimage\",\"url\":\"https:\\\/\\\/see-tech.fi\\\/wp-content\\\/uploads\\\/2025\\\/03\\\/AKA_EN_vaaka_valkoinen_RGB.png\",\"contentUrl\":\"https:\\\/\\\/see-tech.fi\\\/wp-content\\\/uploads\\\/2025\\\/03\\\/AKA_EN_vaaka_valkoinen_RGB.png\"},{\"@type\":\"BreadcrumbList\",\"@id\":\"https:\\\/\\\/see-tech.fi\\\/fi\\\/rahoitus\\\/#breadcrumb\",\"itemListElement\":[{\"@type\":\"ListItem\",\"position\":1,\"name\":\"Etusivu\",\"item\":\"https:\\\/\\\/see-tech.fi\\\/fi\\\/\"},{\"@type\":\"ListItem\",\"position\":2,\"name\":\"Rahoitus\"}]},{\"@type\":\"WebSite\",\"@id\":\"https:\\\/\\\/see-tech.fi\\\/fi\\\/#website\",\"url\":\"https:\\\/\\\/see-tech.fi\\\/fi\\\/\",\"name\":\"SEE-TECH\",\"description\":\"Seeing Like a Tech Firm\",\"publisher\":{\"@id\":\"https:\\\/\\\/see-tech.fi\\\/fi\\\/#organization\"},\"potentialAction\":[{\"@type\":\"SearchAction\",\"target\":{\"@type\":\"EntryPoint\",\"urlTemplate\":\"https:\\\/\\\/see-tech.fi\\\/fi\\\/?s={search_term_string}\"},\"query-input\":{\"@type\":\"PropertyValueSpecification\",\"valueRequired\":true,\"valueName\":\"search_term_string\"}}],\"inLanguage\":\"fi\"},{\"@type\":\"Organization\",\"@id\":\"https:\\\/\\\/see-tech.fi\\\/fi\\\/#organization\",\"name\":\"SEE-TECH\",\"url\":\"https:\\\/\\\/see-tech.fi\\\/fi\\\/\",\"logo\":{\"@type\":\"ImageObject\",\"inLanguage\":\"fi\",\"@id\":\"https:\\\/\\\/see-tech.fi\\\/fi\\\/#\\\/schema\\\/logo\\\/image\\\/\",\"url\":\"https:\\\/\\\/see-tech.fi\\\/wp-content\\\/uploads\\\/2022\\\/02\\\/SEE_TECH-logo-2.svg\",\"contentUrl\":\"https:\\\/\\\/see-tech.fi\\\/wp-content\\\/uploads\\\/2022\\\/02\\\/SEE_TECH-logo-2.svg\",\"width\":434.585,\"height\":177.476,\"caption\":\"SEE-TECH\"},\"image\":{\"@id\":\"https:\\\/\\\/see-tech.fi\\\/fi\\\/#\\\/schema\\\/logo\\\/image\\\/\"}}]}<\/script>\n<!-- \/ Yoast SEO plugin. -->","yoast_head_json":{"title":"Rahoitus | SEE-TECH","robots":{"index":"index","follow":"follow","max-snippet":"max-snippet:-1","max-image-preview":"max-image-preview:large","max-video-preview":"max-video-preview:-1"},"canonical":"https:\/\/see-tech.fi\/fi\/rahoitus\/","og_locale":"fi_FI","og_type":"article","og_title":"Rahoitus | SEE-TECH","og_description":"Hankketta rahoittaa Suomen Akatemia, joka on &#8221;opetus- ja kulttuuriministeri\u00f6n hallinnonalaan kuuluva valtion virasto.&#8221; Lis\u00e4ksi hanke rakentuu pienemm\u00e4n tutkimushankkeen Digitaalisen alustalouden suuryritykset ja EU (2023\u20132025) luomalle perustalle. T\u00e4t\u00e4 hanketta rahoitti Helsingin Sanomain s\u00e4\u00e4ti\u00f6, jonka tavoitteena on \u201dedist\u00e4\u00e4 ja tukea korkeatasoista tieteellist\u00e4 tutkimusty\u00f6t\u00e4, erityisesti pit\u00e4en silm\u00e4ll\u00e4 suomalaisen tutkimusty\u00f6n laaja-alaisuuden, itsen\u00e4isyyden ja jatkuvuuden turvaamista\u201d ja joka saa tulonsa [&hellip;]","og_url":"https:\/\/see-tech.fi\/fi\/rahoitus\/","og_site_name":"SEE-TECH","article_modified_time":"2025-03-04T13:38:58+00:00","og_image":[{"url":"https:\/\/see-tech.fi\/wp-content\/uploads\/2025\/03\/AKA_EN_vaaka_valkoinen_RGB.png","type":"","width":"","height":""}],"twitter_card":"summary_large_image","schema":{"@context":"https:\/\/schema.org","@graph":[{"@type":"WebPage","@id":"https:\/\/see-tech.fi\/fi\/rahoitus\/","url":"https:\/\/see-tech.fi\/fi\/rahoitus\/","name":"Rahoitus | SEE-TECH","isPartOf":{"@id":"https:\/\/see-tech.fi\/fi\/#website"},"primaryImageOfPage":{"@id":"https:\/\/see-tech.fi\/fi\/rahoitus\/#primaryimage"},"image":{"@id":"https:\/\/see-tech.fi\/fi\/rahoitus\/#primaryimage"},"thumbnailUrl":"https:\/\/see-tech.fi\/wp-content\/uploads\/2025\/03\/AKA_EN_vaaka_valkoinen_RGB.png","datePublished":"2025-01-28T16:02:36+00:00","dateModified":"2025-03-04T13:38:58+00:00","breadcrumb":{"@id":"https:\/\/see-tech.fi\/fi\/rahoitus\/#breadcrumb"},"inLanguage":"fi","potentialAction":[{"@type":"ReadAction","target":["https:\/\/see-tech.fi\/fi\/rahoitus\/"]}]},{"@type":"ImageObject","inLanguage":"fi","@id":"https:\/\/see-tech.fi\/fi\/rahoitus\/#primaryimage","url":"https:\/\/see-tech.fi\/wp-content\/uploads\/2025\/03\/AKA_EN_vaaka_valkoinen_RGB.png","contentUrl":"https:\/\/see-tech.fi\/wp-content\/uploads\/2025\/03\/AKA_EN_vaaka_valkoinen_RGB.png"},{"@type":"BreadcrumbList","@id":"https:\/\/see-tech.fi\/fi\/rahoitus\/#breadcrumb","itemListElement":[{"@type":"ListItem","position":1,"name":"Etusivu","item":"https:\/\/see-tech.fi\/fi\/"},{"@type":"ListItem","position":2,"name":"Rahoitus"}]},{"@type":"WebSite","@id":"https:\/\/see-tech.fi\/fi\/#website","url":"https:\/\/see-tech.fi\/fi\/","name":"SEE-TECH","description":"Seeing Like a Tech Firm","publisher":{"@id":"https:\/\/see-tech.fi\/fi\/#organization"},"potentialAction":[{"@type":"SearchAction","target":{"@type":"EntryPoint","urlTemplate":"https:\/\/see-tech.fi\/fi\/?s={search_term_string}"},"query-input":{"@type":"PropertyValueSpecification","valueRequired":true,"valueName":"search_term_string"}}],"inLanguage":"fi"},{"@type":"Organization","@id":"https:\/\/see-tech.fi\/fi\/#organization","name":"SEE-TECH","url":"https:\/\/see-tech.fi\/fi\/","logo":{"@type":"ImageObject","inLanguage":"fi","@id":"https:\/\/see-tech.fi\/fi\/#\/schema\/logo\/image\/","url":"https:\/\/see-tech.fi\/wp-content\/uploads\/2022\/02\/SEE_TECH-logo-2.svg","contentUrl":"https:\/\/see-tech.fi\/wp-content\/uploads\/2022\/02\/SEE_TECH-logo-2.svg","width":434.585,"height":177.476,"caption":"SEE-TECH"},"image":{"@id":"https:\/\/see-tech.fi\/fi\/#\/schema\/logo\/image\/"}}]}},"_links":{"self":[{"href":"https:\/\/see-tech.fi\/fi\/wp-json\/wp\/v2\/pages\/596","targetHints":{"allow":["GET"]}}],"collection":[{"href":"https:\/\/see-tech.fi\/fi\/wp-json\/wp\/v2\/pages"}],"about":[{"href":"https:\/\/see-tech.fi\/fi\/wp-json\/wp\/v2\/types\/page"}],"author":[{"embeddable":true,"href":"https:\/\/see-tech.fi\/fi\/wp-json\/wp\/v2\/users\/1"}],"replies":[{"embeddable":true,"href":"https:\/\/see-tech.fi\/fi\/wp-json\/wp\/v2\/comments?post=596"}],"version-history":[{"count":2,"href":"https:\/\/see-tech.fi\/fi\/wp-json\/wp\/v2\/pages\/596\/revisions"}],"predecessor-version":[{"id":641,"href":"https:\/\/see-tech.fi\/fi\/wp-json\/wp\/v2\/pages\/596\/revisions\/641"}],"wp:attachment":[{"href":"https:\/\/see-tech.fi\/fi\/wp-json\/wp\/v2\/media?parent=596"}],"curies":[{"name":"wp","href":"https:\/\/api.w.org\/{rel}","templated":true}]}}