{"id":599,"date":"2025-01-28T21:07:41","date_gmt":"2025-01-28T19:07:41","guid":{"rendered":"https:\/\/seetech.sivustamo.dev\/output\/"},"modified":"2025-12-30T19:49:40","modified_gmt":"2025-12-30T17:49:40","slug":"output","status":"publish","type":"page","link":"https:\/\/see-tech.fi\/fi\/output\/","title":{"rendered":"Output"},"content":{"rendered":"\t\t<div data-elementor-type=\"wp-page\" data-elementor-id=\"599\" class=\"elementor elementor-599 elementor-500\" data-elementor-post-type=\"page\">\n\t\t\t\t<div class=\"elementor-element elementor-element-0a7bd3f e-con-full e-flex e-con e-parent\" data-id=\"0a7bd3f\" data-element_type=\"container\" data-e-type=\"container\" data-settings=\"{&quot;jet_parallax_layout_list&quot;:[]}\">\n\t\t\t\t<div class=\"elementor-element elementor-element-b5ec772 elementor-widget elementor-widget-shortcode\" data-id=\"b5ec772\" data-element_type=\"widget\" data-e-type=\"widget\" data-widget_type=\"shortcode.default\">\n\t\t\t\t<div class=\"elementor-widget-container\">\n\t\t\t\t\t\t\t<div class=\"elementor-shortcode\">\t\t<div data-elementor-type=\"container\" data-elementor-id=\"363\" class=\"elementor elementor-363\" data-elementor-post-type=\"elementor_library\">\n\t\t\t\t<div class=\"elementor-element elementor-element-a7c23c8 e-con-full e-flex e-con e-child\" data-id=\"a7c23c8\" data-element_type=\"container\" data-e-type=\"container\" data-settings=\"{&quot;background_background&quot;:&quot;classic&quot;,&quot;jet_parallax_layout_list&quot;:[]}\">\n\t\t<div class=\"elementor-element elementor-element-88e9b99 e-con-full e-flex e-con e-child\" data-id=\"88e9b99\" data-element_type=\"container\" data-e-type=\"container\" data-settings=\"{&quot;jet_parallax_layout_list&quot;:[]}\">\n\t\t<div class=\"elementor-element elementor-element-5b8470e e-con-full e-flex e-con e-child\" data-id=\"5b8470e\" data-element_type=\"container\" data-e-type=\"container\" data-settings=\"{&quot;jet_parallax_layout_list&quot;:[]}\">\n\t\t\t\t<\/div>\n\t\t\t\t<\/div>\n\t\t\t\t<\/div>\n\t\t\t\t<\/div>\n\t\t<\/div>\n\t\t\t\t\t\t<\/div>\n\t\t\t\t<\/div>\n\t\t<div class=\"elementor-element elementor-element-492b2bf e-flex e-con-boxed e-con e-child\" data-id=\"492b2bf\" data-element_type=\"container\" data-e-type=\"container\" data-settings=\"{&quot;jet_parallax_layout_list&quot;:[]}\">\n\t\t\t\t\t<div class=\"e-con-inner\">\n\t\t\t\t<div class=\"elementor-element elementor-element-7451612 elementor-widget elementor-widget-text-editor\" data-id=\"7451612\" data-element_type=\"widget\" data-e-type=\"widget\" data-widget_type=\"text-editor.default\">\n\t\t\t\t<div class=\"elementor-widget-container\">\n\t\t\t\t\t\t\t\t\t<section class=\"page-section cite\"><div class=\"container\"><section class=\"publication-cite\" aria-labelledby=\"publications-cite-title\"><div class=\"tab-container\"><div id=\"cite-apa\" class=\"tab selected\" tabindex=\"0\" role=\"tabpanel\" aria-labelledby=\"tab-0\" aria-hidden=\"false\"><div class=\"rendering rendering_researchoutput rendering_researchoutput_apa rendering_contributiontojournal rendering_apa rendering_contributiontojournal_apa\"><a href=\"https:\/\/doi.org\/10.1111\/jcms.13731\"><strong>Yl\u00f6nen, M. (2025). Brysselin vaikutuksen uudelleen k\u00e4sitteellist\u00e4minen. <em>Journal of Common Market Studies.<\/em>  https:\/\/doi.org\/10.1111\/jcms.13731<\/strong><\/a><\/div><\/div><\/div><\/section><\/div><\/section><div class=\"share-box\"> <\/div>\t\t\t\t\t\t\t\t<\/div>\n\t\t\t\t<\/div>\n\t\t\t\t<div class=\"elementor-element elementor-element-f4b150f elementor-widget elementor-widget-text-editor\" data-id=\"f4b150f\" data-element_type=\"widget\" data-e-type=\"widget\" data-widget_type=\"text-editor.default\">\n\t\t\t\t<div class=\"elementor-widget-container\">\n\t\t\t\t\t\t\t\t\t<section class=\"page-section cite\"><div class=\"container\"><section class=\"publication-cite\" aria-labelledby=\"publications-cite-title\"><div class=\"tab-container\"><div id=\"cite-apa\" class=\"tab selected\" tabindex=\"0\" role=\"tabpanel\" aria-labelledby=\"tab-0\" aria-hidden=\"false\"><a href=\"https:\/\/doi.org\/10.51810\/pt.156282\"><strong>Yl\u00f6nen, M. (2025). Bryssel-efekti Trumpin ja Muskin aikakaudella. <i><i>Poliittinen talous, 13<\/i><\/i>(1).  https:\/\/doi.org\/10.51810\/pt.156282<\/strong><\/a><\/div><\/div><\/section><\/div><\/section><div class=\"share-box\"> <\/div>\t\t\t\t\t\t\t\t<\/div>\n\t\t\t\t<\/div>\n\t\t\t\t<div class=\"elementor-element elementor-element-ec3e7cf elementor-widget elementor-widget-text-editor\" data-id=\"ec3e7cf\" data-element_type=\"widget\" data-e-type=\"widget\" data-widget_type=\"text-editor.default\">\n\t\t\t\t<div class=\"elementor-widget-container\">\n\t\t\t\t\t\t\t\t\t<section class=\"page-section cite\"><section class=\"publication-cite\" aria-labelledby=\"publications-cite-title\"><div class=\"tab-container\"><a href=\"https:\/\/doi.org\/10.51810\/pt.161344\"><strong>Yl\u00f6nen, M., &amp; Nordstr\u00f6m, L. (2025). Digij\u00e4tit Euroopan unionissa: lobbaus alustakapitalismin aikakaudella. <i><i>Poliittinen Talous, 13<\/i>(<\/i>1), 13-51.  https:\/\/doi.org\/10.51810\/pt.161344<\/strong><\/a><\/div><\/section><\/section><div class=\"share-box\"> <\/div>\t\t\t\t\t\t\t\t<\/div>\n\t\t\t\t<\/div>\n\t\t\t\t\t<\/div>\n\t\t\t\t<\/div>\n\t\t\t\t<\/div>\n\t\t<div class=\"elementor-element elementor-element-fdb2275 osiomargin e-flex e-con-boxed e-con e-parent\" data-id=\"fdb2275\" data-element_type=\"container\" data-e-type=\"container\" data-settings=\"{&quot;jet_parallax_layout_list&quot;:[]}\">\n\t\t\t\t\t<div class=\"e-con-inner\">\n\t\t\t\t\t<\/div>\n\t\t\t\t<\/div>\n\t\t\t\t<\/div>\n\t\t","protected":false},"excerpt":{"rendered":"<p>Yl\u00f6nen, M. (2025). Brysselin vaikutuksen uudelleen k\u00e4sitteellist\u00e4minen. Journal of Common Market Studies. https:\/\/doi.org\/10.1111\/jcms.13731 Yl\u00f6nen, M. (2025). Bryssel-efekti Trumpin ja Muskin aikakaudella. Poliittinen talous, 13(1). https:\/\/doi.org\/10.51810\/pt.156282 Yl\u00f6nen, M., &amp; Nordstr\u00f6m, L. (2025). Digij\u00e4tit Euroopan unionissa: lobbaus alustakapitalismin aikakaudella. Poliittinen Talous, 13(1), 13-51. https:\/\/doi.org\/10.51810\/pt.161344<\/p>\n","protected":false},"author":1,"featured_media":0,"parent":0,"menu_order":0,"comment_status":"closed","ping_status":"closed","template":"elementor_header_footer","meta":{"footnotes":""},"class_list":["post-599","page","type-page","status-publish","hentry"],"yoast_head":"<!-- This site is optimized with the Yoast SEO plugin v27.4 - https:\/\/yoast.com\/product\/yoast-seo-wordpress\/ -->\n<title>Output | SEE-TECH<\/title>\n<meta name=\"robots\" content=\"index, follow, max-snippet:-1, max-image-preview:large, max-video-preview:-1\" \/>\n<link rel=\"canonical\" href=\"https:\/\/see-tech.fi\/fi\/output\/\" \/>\n<meta property=\"og:locale\" content=\"fi_FI\" \/>\n<meta property=\"og:type\" content=\"article\" \/>\n<meta property=\"og:title\" content=\"Output | SEE-TECH\" \/>\n<meta property=\"og:description\" content=\"Yl\u00f6nen, M. (2025). Brysselin vaikutuksen uudelleen k\u00e4sitteellist\u00e4minen. Journal of Common Market Studies. https:\/\/doi.org\/10.1111\/jcms.13731 Yl\u00f6nen, M. (2025). Bryssel-efekti Trumpin ja Muskin aikakaudella. Poliittinen talous, 13(1). https:\/\/doi.org\/10.51810\/pt.156282 Yl\u00f6nen, M., &amp; Nordstr\u00f6m, L. (2025). Digij\u00e4tit Euroopan unionissa: lobbaus alustakapitalismin aikakaudella. Poliittinen Talous, 13(1), 13-51. https:\/\/doi.org\/10.51810\/pt.161344\" \/>\n<meta property=\"og:url\" content=\"https:\/\/see-tech.fi\/fi\/output\/\" \/>\n<meta property=\"og:site_name\" content=\"SEE-TECH\" \/>\n<meta property=\"article:modified_time\" content=\"2025-12-30T17:49:40+00:00\" \/>\n<meta property=\"og:image\" content=\"https:\/\/see-tech.fi\/wp-content\/uploads\/2025\/01\/seo.jpg\" \/>\n\t<meta property=\"og:image:width\" content=\"1920\" \/>\n\t<meta property=\"og:image:height\" content=\"1080\" \/>\n\t<meta property=\"og:image:type\" content=\"image\/jpeg\" \/>\n<meta name=\"twitter:card\" content=\"summary_large_image\" \/>\n<meta name=\"twitter:label1\" content=\"Arvioitu lukuaika\" \/>\n\t<meta name=\"twitter:data1\" content=\"1 minuutti\" \/>\n<script type=\"application\/ld+json\" class=\"yoast-schema-graph\">{\"@context\":\"https:\\\/\\\/schema.org\",\"@graph\":[{\"@type\":\"WebPage\",\"@id\":\"https:\\\/\\\/see-tech.fi\\\/fi\\\/output\\\/\",\"url\":\"https:\\\/\\\/see-tech.fi\\\/fi\\\/output\\\/\",\"name\":\"Output | SEE-TECH\",\"isPartOf\":{\"@id\":\"https:\\\/\\\/see-tech.fi\\\/fi\\\/#website\"},\"datePublished\":\"2025-01-28T19:07:41+00:00\",\"dateModified\":\"2025-12-30T17:49:40+00:00\",\"breadcrumb\":{\"@id\":\"https:\\\/\\\/see-tech.fi\\\/fi\\\/output\\\/#breadcrumb\"},\"inLanguage\":\"fi\",\"potentialAction\":[{\"@type\":\"ReadAction\",\"target\":[\"https:\\\/\\\/see-tech.fi\\\/fi\\\/output\\\/\"]}]},{\"@type\":\"BreadcrumbList\",\"@id\":\"https:\\\/\\\/see-tech.fi\\\/fi\\\/output\\\/#breadcrumb\",\"itemListElement\":[{\"@type\":\"ListItem\",\"position\":1,\"name\":\"Etusivu\",\"item\":\"https:\\\/\\\/see-tech.fi\\\/fi\\\/\"},{\"@type\":\"ListItem\",\"position\":2,\"name\":\"Output\"}]},{\"@type\":\"WebSite\",\"@id\":\"https:\\\/\\\/see-tech.fi\\\/fi\\\/#website\",\"url\":\"https:\\\/\\\/see-tech.fi\\\/fi\\\/\",\"name\":\"SEE-TECH\",\"description\":\"Seeing Like a Tech Firm\",\"publisher\":{\"@id\":\"https:\\\/\\\/see-tech.fi\\\/fi\\\/#organization\"},\"potentialAction\":[{\"@type\":\"SearchAction\",\"target\":{\"@type\":\"EntryPoint\",\"urlTemplate\":\"https:\\\/\\\/see-tech.fi\\\/fi\\\/?s={search_term_string}\"},\"query-input\":{\"@type\":\"PropertyValueSpecification\",\"valueRequired\":true,\"valueName\":\"search_term_string\"}}],\"inLanguage\":\"fi\"},{\"@type\":\"Organization\",\"@id\":\"https:\\\/\\\/see-tech.fi\\\/fi\\\/#organization\",\"name\":\"SEE-TECH\",\"url\":\"https:\\\/\\\/see-tech.fi\\\/fi\\\/\",\"logo\":{\"@type\":\"ImageObject\",\"inLanguage\":\"fi\",\"@id\":\"https:\\\/\\\/see-tech.fi\\\/fi\\\/#\\\/schema\\\/logo\\\/image\\\/\",\"url\":\"https:\\\/\\\/see-tech.fi\\\/wp-content\\\/uploads\\\/2022\\\/02\\\/SEE_TECH-logo-2.svg\",\"contentUrl\":\"https:\\\/\\\/see-tech.fi\\\/wp-content\\\/uploads\\\/2022\\\/02\\\/SEE_TECH-logo-2.svg\",\"width\":434.585,\"height\":177.476,\"caption\":\"SEE-TECH\"},\"image\":{\"@id\":\"https:\\\/\\\/see-tech.fi\\\/fi\\\/#\\\/schema\\\/logo\\\/image\\\/\"}}]}<\/script>\n<!-- \/ Yoast SEO plugin. -->","yoast_head_json":{"title":"Output | SEE-TECH","robots":{"index":"index","follow":"follow","max-snippet":"max-snippet:-1","max-image-preview":"max-image-preview:large","max-video-preview":"max-video-preview:-1"},"canonical":"https:\/\/see-tech.fi\/fi\/output\/","og_locale":"fi_FI","og_type":"article","og_title":"Output | SEE-TECH","og_description":"Yl\u00f6nen, M. (2025). Brysselin vaikutuksen uudelleen k\u00e4sitteellist\u00e4minen. Journal of Common Market Studies. https:\/\/doi.org\/10.1111\/jcms.13731 Yl\u00f6nen, M. (2025). Bryssel-efekti Trumpin ja Muskin aikakaudella. Poliittinen talous, 13(1). https:\/\/doi.org\/10.51810\/pt.156282 Yl\u00f6nen, M., &amp; Nordstr\u00f6m, L. (2025). Digij\u00e4tit Euroopan unionissa: lobbaus alustakapitalismin aikakaudella. Poliittinen Talous, 13(1), 13-51. https:\/\/doi.org\/10.51810\/pt.161344","og_url":"https:\/\/see-tech.fi\/fi\/output\/","og_site_name":"SEE-TECH","article_modified_time":"2025-12-30T17:49:40+00:00","og_image":[{"width":1920,"height":1080,"url":"https:\/\/see-tech.fi\/wp-content\/uploads\/2025\/01\/seo.jpg","type":"image\/jpeg"}],"twitter_card":"summary_large_image","twitter_misc":{"Arvioitu lukuaika":"1 minuutti"},"schema":{"@context":"https:\/\/schema.org","@graph":[{"@type":"WebPage","@id":"https:\/\/see-tech.fi\/fi\/output\/","url":"https:\/\/see-tech.fi\/fi\/output\/","name":"Output | SEE-TECH","isPartOf":{"@id":"https:\/\/see-tech.fi\/fi\/#website"},"datePublished":"2025-01-28T19:07:41+00:00","dateModified":"2025-12-30T17:49:40+00:00","breadcrumb":{"@id":"https:\/\/see-tech.fi\/fi\/output\/#breadcrumb"},"inLanguage":"fi","potentialAction":[{"@type":"ReadAction","target":["https:\/\/see-tech.fi\/fi\/output\/"]}]},{"@type":"BreadcrumbList","@id":"https:\/\/see-tech.fi\/fi\/output\/#breadcrumb","itemListElement":[{"@type":"ListItem","position":1,"name":"Etusivu","item":"https:\/\/see-tech.fi\/fi\/"},{"@type":"ListItem","position":2,"name":"Output"}]},{"@type":"WebSite","@id":"https:\/\/see-tech.fi\/fi\/#website","url":"https:\/\/see-tech.fi\/fi\/","name":"SEE-TECH","description":"Seeing Like a Tech Firm","publisher":{"@id":"https:\/\/see-tech.fi\/fi\/#organization"},"potentialAction":[{"@type":"SearchAction","target":{"@type":"EntryPoint","urlTemplate":"https:\/\/see-tech.fi\/fi\/?s={search_term_string}"},"query-input":{"@type":"PropertyValueSpecification","valueRequired":true,"valueName":"search_term_string"}}],"inLanguage":"fi"},{"@type":"Organization","@id":"https:\/\/see-tech.fi\/fi\/#organization","name":"SEE-TECH","url":"https:\/\/see-tech.fi\/fi\/","logo":{"@type":"ImageObject","inLanguage":"fi","@id":"https:\/\/see-tech.fi\/fi\/#\/schema\/logo\/image\/","url":"https:\/\/see-tech.fi\/wp-content\/uploads\/2022\/02\/SEE_TECH-logo-2.svg","contentUrl":"https:\/\/see-tech.fi\/wp-content\/uploads\/2022\/02\/SEE_TECH-logo-2.svg","width":434.585,"height":177.476,"caption":"SEE-TECH"},"image":{"@id":"https:\/\/see-tech.fi\/fi\/#\/schema\/logo\/image\/"}}]}},"_links":{"self":[{"href":"https:\/\/see-tech.fi\/fi\/wp-json\/wp\/v2\/pages\/599","targetHints":{"allow":["GET"]}}],"collection":[{"href":"https:\/\/see-tech.fi\/fi\/wp-json\/wp\/v2\/pages"}],"about":[{"href":"https:\/\/see-tech.fi\/fi\/wp-json\/wp\/v2\/types\/page"}],"author":[{"embeddable":true,"href":"https:\/\/see-tech.fi\/fi\/wp-json\/wp\/v2\/users\/1"}],"replies":[{"embeddable":true,"href":"https:\/\/see-tech.fi\/fi\/wp-json\/wp\/v2\/comments?post=599"}],"version-history":[{"count":5,"href":"https:\/\/see-tech.fi\/fi\/wp-json\/wp\/v2\/pages\/599\/revisions"}],"predecessor-version":[{"id":691,"href":"https:\/\/see-tech.fi\/fi\/wp-json\/wp\/v2\/pages\/599\/revisions\/691"}],"wp:attachment":[{"href":"https:\/\/see-tech.fi\/fi\/wp-json\/wp\/v2\/media?parent=599"}],"curies":[{"name":"wp","href":"https:\/\/api.w.org\/{rel}","templated":true}]}}